{"id":3,"date":"2020-03-11T08:09:07","date_gmt":"2020-03-11T08:09:07","guid":{"rendered":"http:\/\/punainentori.fi\/?page_id=3"},"modified":"2020-03-11T08:13:19","modified_gmt":"2020-03-11T08:13:19","slug":"privacy-policy","status":"publish","type":"page","link":"https:\/\/punainentori.fi\/","title":{"rendered":"Punainen tori"},"content":{"rendered":"\r\n<h2>T\u00e4h\u00e4n kehit\u00e4mme jotain<\/h2>\r\n","protected":false},"excerpt":{"rendered":"<p>T\u00e4h\u00e4n kehit\u00e4mme jotain<\/p>\n","protected":false},"author":1,"featured_media":0,"parent":0,"menu_order":0,"comment_status":"closed","ping_status":"open","template":"","meta":[],"_links":{"self":[{"href":"https:\/\/punainentori.fi\/index.php\/wp-json\/wp\/v2\/pages\/3"}],"collection":[{"href":"https:\/\/punainentori.fi\/index.php\/wp-json\/wp\/v2\/pages"}],"about":[{"href":"https:\/\/punainentori.fi\/index.php\/wp-json\/wp\/v2\/types\/page"}],"author":[{"embeddable":true,"href":"https:\/\/punainentori.fi\/index.php\/wp-json\/wp\/v2\/users\/1"}],"replies":[{"embeddable":true,"href":"https:\/\/punainentori.fi\/index.php\/wp-json\/wp\/v2\/comments?post=3"}],"version-history":[{"count":2,"href":"https:\/\/punainentori.fi\/index.php\/wp-json\/wp\/v2\/pages\/3\/revisions"}],"predecessor-version":[{"id":9,"href":"https:\/\/punainentori.fi\/index.php\/wp-json\/wp\/v2\/pages\/3\/revisions\/9"}],"wp:attachment":[{"href":"https:\/\/punainentori.fi\/index.php\/wp-json\/wp\/v2\/media?parent=3"}],"curies":[{"name":"wp","href":"https:\/\/api.w.org\/{rel}","templated":true}]}}